{"id":94,"date":"2012-01-01T22:33:00","date_gmt":"2012-01-01T22:33:00","guid":{"rendered":"http:\/\/www.w3.org\/community\/webed\/?page_id=94"},"modified":"2012-11-16T18:55:55","modified_gmt":"2012-11-16T18:55:55","slug":"turkish-education-project","status":"publish","type":"page","link":"https:\/\/www.w3.org\/community\/webed\/international-education\/turkish-education-project\/","title":{"rendered":"Turkish education project"},"content":{"rendered":"<p>T\u00fcrk\u00e7e E\u011fitim alt grubunun amac\u0131, insanlar\u0131n <strong>a\u00e7\u0131k web standartlar\u0131n\u0131 do\u011fru ve verimli<\/strong> bir \u015fekilde \u00f6\u011frenebilecekleri T\u00fcrk\u00e7e e\u011fitim materyallerini sunarak insanlar\u0131n bunlardan faydalanmalar\u0131n\u0131 sa\u011flamakt\u0131r.<\/p>\n<p>Bug\u00fcn <strong>T\u00fcrkiye<\/strong>&#8216;de verilen Web e\u011fitiminin kalitesi, s\u00fcrekli ilerlemekte olan <strong>web sekt\u00f6r\u00fcne yeti\u015fememektedir<\/strong>. Bu sorun, gelecekte web tasar\u0131mc\u0131s\u0131 ve web geli\u015ftiricisi olacak insanlar\u0131n gerekli bilgi ve beceriyle donat\u0131lmas\u0131n\u0131 engellemektedir. T\u0131kan\u0131kl\u0131\u011f\u0131n \u00f6n\u00fcn\u00fc a\u00e7mak ve varolan web e\u011fitimini geli\u015ftirmek i\u00e7in bir \u00e7al\u0131\u015fmalar yap\u0131yoruz. W3C Web E\u011fitimi Grubuna kat\u0131larak web e\u011fitiminin geli\u015fmesine siz de yard\u0131m edebilirsiniz. Kendinize ait bir rol se\u00e7in:<\/p>\n<ul>\n<li>\u0130ngilizce d\u00fczeyiniz iyiyse <strong>makaleleri \u00e7evirmede<\/strong> yard\u0131m edebilirsiniz.<\/li>\n<li>Web teknolojileri konusunda bilgileriniz varsa yazd\u0131\u011f\u0131n\u0131z makaleleri sisteme ekleyebilirsiniz. Ya da <strong>yeni makale yazabilirsiniz<\/strong>.<\/li>\n<li>Web ile ilgilenen normal birisi iseniz di\u011fer <strong>arkada\u015flar\u0131n\u0131z\u0131 bu \u00e7al\u0131\u015fmadan haberdar edebilirsiniz<\/strong>. Onlara bu \u00e7al\u0131\u015fma hakk\u0131nda bilgi verebilir ve web e\u011fitimi vikisine \u00e7a\u011f\u0131rabilirsiniz.<\/li>\n<li>E\u011fitimci iseniz makaleler hakk\u0131nda <strong>g\u00f6r\u00fc\u015f bildirebilir ve yeni eklemeler<\/strong> yapabilirsiniz.<\/li>\n<\/ul>\n<p>Unutmadan bu kaynaklar d\u00fcnyan\u0131n neresinde oluran\u0131z olun \u00fccretsiz sunulmaktad\u0131r!<\/p>\n<h2>Nas\u0131l Katk\u0131da Bulunabilirsiniz?<\/h2>\n<p>Bu gruba katk\u0131da bulunmak istiyorsan\u0131z a\u015fa\u011f\u0131daki ad\u0131mlar\u0131 takip edin:<\/p>\n<ol>\n<li>Herkese a\u00e7\u0131k bir hesap i\u00e7in kay\u0131t olun:\n<ul>\n<li><a href=\"http:\/\/www.w3.org\/Help\/Account\/Request\/Public\">Hesap \u0130ste\u011fi Formu<\/a>na gidin. Bu ad\u0131m olduk\u00e7a basit: Ad\u0131n\u0131z\u0131, soyad\u0131n\u0131z\u0131 ve ileti\u015fime ge\u00e7ilecek e-posta adresinizi girin ve &#8220;Create account&#8221; d\u00fc\u011fmesine basarak formu g\u00f6nderin.<\/li>\n<li>\u015eirketinizi belirtmeniz gerekebilir &#8211; e\u011fer listede \u015firketiniz yoksa, yeni bir \u015firket belirtmeli ve b\u00fcy\u00fckl\u00fc\u011f\u00fc gibi ayr\u0131nt\u0131lar\u0131 vermelisiniz. Bu sadece g\u00f6nderdi\u011finiz her bilginin fikir haklar\u0131n\u0131n W3C taraf\u0131ndan kontrol edilmesini sa\u011flamaktad\u0131r. Toplulukta yer almak ve kay\u0131t olmak i\u00e7in herhangi bir \u00fccret \u00f6demeyeceksiniz ve herhangi ba\u015fka bir \u015fey sa\u011flaman\u0131z gerekmeyecek! \u00dcyelik \u00fccretleri hakk\u0131ndaki i\u015fleri yoksay\u0131n.<\/li>\n<li>Sonraki ekran do\u011frulama numaras\u0131n\u0131 soracak &#8211; bir \u00f6nceki a\u015famada girdi\u011finiz e-posta adresine g\u00f6nderilen bir e-posta olmal\u0131. Bunu yedi g\u00fcn i\u00e7inde kullanman\u0131z gerekmektedir.<\/li>\n<li>\u015eimdi W3C&#8217;nin ba\u015fvurunuzu i\u015flemesi i\u00e7in bekleyeceksiniz. Bu tamamland\u0131\u011f\u0131nda, bir e-posta alacaks\u0131n\u0131z. Bu e-postadan kullan\u0131c\u0131 ad\u0131n\u0131z\u0131 ve \u015fifrenizi alabilirsiniz. E-postadaki ba\u011flant\u0131y\u0131 kullanarak en k\u0131sa s\u00fcrede \u015fifrenizi de\u011fi\u015ftirin.<\/li>\n<\/ul>\n<\/li>\n<li>\u015eimdi bir hesab\u0131n\u0131z var, topluluk sayfas\u0131na giri\u015f yapt\u0131\u011f\u0131n\u0131zdan emin olun(\u00fcst k\u0131s\u0131mdaki log in ba\u011flant\u0131s\u0131n\u0131 kullanabilirsiniz). Giri\u015f yapt\u0131\u011f\u0131n\u0131za g\u00f6re art\u0131k toplulukta kat\u0131labilirsiniz. Bunun i\u00e7in bu sayfadaki &#8220;Join This Group&#8221; sayfas\u0131na t\u0131klay\u0131n.<\/li>\n<li>Yukar\u0131daki projelere kat\u0131l\u0131n &#8211; bunun i\u00e7in proje sayfas\u0131n\u0131 ziyaret edin, sa\u011fdaki kenar \u00e7ubu\u011fundan bu b\u00f6l\u00fcmdeki \u00fcyeler ve ileti\u015fim noktalar\u0131 ve\u00a0etkinlikler hakk\u0131nda daha fazla bilgi alabilirsiniz. E\u011fer bir projeye kat\u0131lmak istiyorsan\u0131z, e\u015f ba\u015fkanlar\u0131 <a href=\"mailto:public-webed@w3.org\" target=\"_blank\" rel=\"nofollow\">public-webed<\/a> e-posta listesi arac\u0131l\u0131\u011f\u0131yla bilgilendirin. Gruba sizi de ekleyece\u011fiz.<\/li>\n<li>\u0130lerlemeler, varolan etkinliklere g\u00fcncellemeler ve yeni etkinlikler konusunda \u00f6neri yapmakta kendinizi tamamen \u00f6zg\u00fcr hissedin. Bunun yap\u0131labilece\u011fi en iyi yer <a href=\"mailto:public-webed@w3.org\" target=\"_blank\" rel=\"nofollow\">public-webed<\/a> ve <a href=\"mailto:public-webed-tk@w3.org\" target=\"_blank\" rel=\"nofollow\">public-webed-tk<\/a>\u00a0e-posta listesidir.<\/li>\n<li>Di\u011fer \u00fcyelerle Web Education CG IRC kanal\u0131nda konu\u015fabilirsiniz: irc:\/\/irc.w3.org:6665\/#webed. Her zaman odada en az biri olmas\u0131n\u0131 sa\u011flayaca\u011f\u0131z.<\/li>\n<li>T\u00fcrk\u00e7e e-posta grubuna abone olmak i\u00e7in <a href=\"http:\/\/lists.w3.org\/Archives\/Public\/public-webed-tk\/\" target=\"_blank\" rel=\"nofollow\">T\u00fcrk\u00e7e E-posta ar\u015fivi<\/a>ne gidin ve &#8220;subscribe to this list&#8221; ba\u011flant\u0131s\u0131na t\u0131klay\u0131n.<\/li>\n<\/ol>\n<h2>Etkinlikler<\/h2>\n<p>Etkinlikler i\u00e7in <a href=\"http:\/\/www.w3.org\/community\/webed\/wiki\/Turkish_international_project\">T\u00fcrk\u00e7e Web E\u011fitimi Grubunun Wiki sayfas\u0131na ula\u015f\u0131n.<\/a><\/p>\n<h2>\u00dcyeler<\/h2>\n<dl>\n<dt>\u00c7a\u011flar Ye\u015filyurt (greench [ at ] myopera [ nokta ] \u00a0com )<\/dt>\n<dd>Y\u00f6netici<\/dd>\n<\/dl>\n<dl>\n<dt>Mehmet Dedeler (metude [ at ] myopera [nokta] com<\/dt>\n<dd>Koordinat\u00f6r<\/dd>\n<\/dl>\n<dl>\n<dt>TBC<\/dt>\n<dd>Katk\u0131c\u0131<\/dd>\n<\/dl>\n<dl>\n<dt>TBC<\/dt>\n<dd>Katk\u0131c\u0131<\/dd>\n<\/dl>\n","protected":false},"excerpt":{"rendered":"<p>T\u00fcrk\u00e7e E\u011fitim alt grubunun amac\u0131, insanlar\u0131n a\u00e7\u0131k web standartlar\u0131n\u0131 do\u011fru ve verimli bir \u015fekilde \u00f6\u011frenebilecekleri T\u00fcrk\u00e7e e\u011fitim materyallerini sunarak insanlar\u0131n bunlardan faydalanmalar\u0131n\u0131 sa\u011flamakt\u0131r. Bug\u00fcn T\u00fcrkiye&#8216;de verilen Web e\u011fitiminin kalitesi, s\u00fcrekli ilerlemekte olan web sekt\u00f6r\u00fcne yeti\u015fememektedir. Bu sorun, gelecekte web tasar\u0131mc\u0131s\u0131 &hellip; <a href=\"https:\/\/www.w3.org\/community\/webed\/international-education\/turkish-education-project\/\">Continue reading <span class=\"meta-nav\">&rarr;<\/span><\/a><\/p>\n","protected":false},"author":792,"featured_media":0,"parent":34,"menu_order":0,"comment_status":"open","ping_status":"closed","template":"","meta":{"_s2mail":"yes","footnotes":""},"class_list":["post-94","page","type-page","status-publish","hentry"],"_links":{"self":[{"href":"https:\/\/www.w3.org\/community\/webed\/wp-json\/wp\/v2\/pages\/94","targetHints":{"allow":["GET"]}}],"collection":[{"href":"https:\/\/www.w3.org\/community\/webed\/wp-json\/wp\/v2\/pages"}],"about":[{"href":"https:\/\/www.w3.org\/community\/webed\/wp-json\/wp\/v2\/types\/page"}],"author":[{"embeddable":true,"href":"https:\/\/www.w3.org\/community\/webed\/wp-json\/wp\/v2\/users\/792"}],"replies":[{"embeddable":true,"href":"https:\/\/www.w3.org\/community\/webed\/wp-json\/wp\/v2\/comments?post=94"}],"version-history":[{"count":18,"href":"https:\/\/www.w3.org\/community\/webed\/wp-json\/wp\/v2\/pages\/94\/revisions"}],"predecessor-version":[{"id":97,"href":"https:\/\/www.w3.org\/community\/webed\/wp-json\/wp\/v2\/pages\/94\/revisions\/97"}],"up":[{"embeddable":true,"href":"https:\/\/www.w3.org\/community\/webed\/wp-json\/wp\/v2\/pages\/34"}],"wp:attachment":[{"href":"https:\/\/www.w3.org\/community\/webed\/wp-json\/wp\/v2\/media?parent=94"}],"curies":[{"name":"wp","href":"https:\/\/api.w.org\/{rel}","templated":true}]}}