{"id":59,"date":"2011-09-12T16:14:51","date_gmt":"2011-09-12T16:14:51","guid":{"rendered":"http:\/\/www.w3.org\/community\/webed\/?page_id=59"},"modified":"2011-11-29T14:19:48","modified_gmt":"2011-11-29T14:19:48","slug":"french-education-project","status":"publish","type":"page","link":"https:\/\/www.w3.org\/community\/webed\/international-education\/french-education-project\/","title":{"rendered":"French education project"},"content":{"rendered":"<p>L&#8217;objectif du &#8220;French education project&#8221; est de coordonner les projets du &#8220;Web Education Community Group&#8221; en langue fran\u00e7aise. Cela passe par la traduction du mat\u00e9riel p\u00e9dagogique existant et des diverses ressources produites par le groupe aussi bien que par la cr\u00e9ation de mat\u00e9riel original. Cela passe \u00e9galement par l&#8217;\u00e9tablissement de relations avec les organismes de formations francophones : Universit\u00e9s, \u00e9coles, centres de formation pour adultes, etc.<\/p>\n<p>De mani\u00e8re g\u00e9n\u00e9ral, toute action entreprise par le groupe et qui peut faire l&#8217;objet d&#8217;une transposition en langue fran\u00e7aise sera prise en charge ici.<\/p>\n<h2>Les activit\u00e9s du &#8220;French education project&#8221;<\/h2>\n<p>Pour en savoir plus sur les activit\u00e9s du projet, rendez-vous sur la page d\u00e9di\u00e9e sur le Wiki du groupe : <a href=\"http:\/\/www.w3.org\/community\/webed\/wiki\/French_international_project\">French international project<\/a><\/p>\n<h2>Membres du projet<\/h2>\n<dl>\n<dt>J\u00e9r\u00e9mie Patonnier<\/dt>\n<dd>Coordinator<\/dd>\n<dt>TBC<\/dt>\n<dd>Coordinator<\/dd>\n<dt>TBC<\/dt>\n<dd>Contributor<\/dd>\n<dt>TBC<\/dt>\n<dd>Contributor<\/dd>\n<dt>TBC<\/dt>\n<dd>Contributor<\/dd>\n<\/dl>\n","protected":false},"excerpt":{"rendered":"<p>L&#8217;objectif du &#8220;French education project&#8221; est de coordonner les projets du &#8220;Web Education Community Group&#8221; en langue fran\u00e7aise. Cela passe par la traduction du mat\u00e9riel p\u00e9dagogique existant et des diverses ressources produites par le groupe aussi bien que par la &hellip; <a href=\"https:\/\/www.w3.org\/community\/webed\/international-education\/french-education-project\/\">Continue reading <span class=\"meta-nav\">&rarr;<\/span><\/a><\/p>\n","protected":false},"author":46,"featured_media":0,"parent":34,"menu_order":0,"comment_status":"open","ping_status":"open","template":"","meta":{"_s2mail":"","footnotes":""},"class_list":["post-59","page","type-page","status-publish","hentry"],"_links":{"self":[{"href":"https:\/\/www.w3.org\/community\/webed\/wp-json\/wp\/v2\/pages\/59","targetHints":{"allow":["GET"]}}],"collection":[{"href":"https:\/\/www.w3.org\/community\/webed\/wp-json\/wp\/v2\/pages"}],"about":[{"href":"https:\/\/www.w3.org\/community\/webed\/wp-json\/wp\/v2\/types\/page"}],"author":[{"embeddable":true,"href":"https:\/\/www.w3.org\/community\/webed\/wp-json\/wp\/v2\/users\/46"}],"replies":[{"embeddable":true,"href":"https:\/\/www.w3.org\/community\/webed\/wp-json\/wp\/v2\/comments?post=59"}],"version-history":[{"count":4,"href":"https:\/\/www.w3.org\/community\/webed\/wp-json\/wp\/v2\/pages\/59\/revisions"}],"predecessor-version":[{"id":91,"href":"https:\/\/www.w3.org\/community\/webed\/wp-json\/wp\/v2\/pages\/59\/revisions\/91"}],"up":[{"embeddable":true,"href":"https:\/\/www.w3.org\/community\/webed\/wp-json\/wp\/v2\/pages\/34"}],"wp:attachment":[{"href":"https:\/\/www.w3.org\/community\/webed\/wp-json\/wp\/v2\/media?parent=59"}],"curies":[{"name":"wp","href":"https:\/\/api.w.org\/{rel}","templated":true}]}}