{"id":454,"date":"2015-09-07T23:57:22","date_gmt":"2015-09-08T03:57:22","guid":{"rendered":"https:\/\/www.w3.org\/community\/socbizcg\/?page_id=454"},"modified":"2015-09-07T23:57:22","modified_gmt":"2015-09-08T03:57:22","slug":"muc-may-in-canon-3300","status":"publish","type":"page","link":"https:\/\/www.w3.org\/community\/socbizcg\/muc-may-in-canon-3300\/","title":{"rendered":"m\u1ef1c m\u00e1y in canon 3300"},"content":{"rendered":"<p><span style=\"color: #ff0000\"><strong><span style=\"color: #ff0000\">I<\/span>.<\/strong><strong><span style=\"color: #ff0000\">Gi\u1edbi thi\u1ec7u<\/span><\/strong><\/span><span style=\"text-decoration: underline;color: #0000ff\"> <span><a style=\"color: #0000ff;text-decoration: underline\" href=\"http:\/\/sieuthimucin.net\/Muc-may-in-canon-3300-db682\" target=\"_blank\" rel=\"nofollow\"><strong>m\u1ef1c m\u00e1y in canon<\/strong><\/a><\/span><span><a style=\"color: #0000ff;text-decoration: underline\" href=\"http:\/\/sieuthimucin.net\/Muc-may-in-canon-3300-db682\" target=\"_blank\" rel=\"nofollow\"><strong> 3300<\/strong><\/a><\/span><\/span><\/p>\n<p>M\u00e1y in canon 3300 l\u00e0 d\u00f2ng m\u00e1y in laser ph\u1ed5 th\u00f4ng \u0111\u01b0\u1ee3c s\u1eed d\u1ee5ng ph\u1ed5 bi\u1ebfn trong c\u00e1c v\u0103n ph\u00f2ng v\u00e0 gia \u0111\u00ecnh v\u00ec th\u1ebf m\u1ef1c in canon 3300 \u0111\u01b0\u1ee3c nhi\u1ec1u quy\u00a0 kh\u00e1ch quan t\u00e2m h\u01a1n c\u1ea3. V\u1eady \u0111\u1ed5 m\u1ef1c \u1edf \u0111\u00e2u ch\u00ednh h\u00e3ng, m\u00e0 gi\u00e1 r\u1ebb \u0111\u00e2y?<\/p>\n<p>H\u00e3y \u0111\u1ebfn v\u1edbi AT Vi\u1ec7t Nam, ch\u00fang t\u00f4i cung c\u1ea5p t\u1ea5t c\u1ea3 c\u00e1c lo\u1ea1i m\u1ef1c m\u00e1y ins\u1ebd \u0111\u00e1p \u1ee9ng m\u1ecdi nhu c\u1ea7u v\u1ec1 m\u1ef1c cho b\u1ea1n.<\/p>\n<p><span style=\"color: #ff0000\"><strong><em>II.<\/em><\/strong><\/span><strong>M\u1ef1c m\u00e1y in canon 3300<\/strong><\/p>\n<p>Khi thay m\u1ef1c m\u00e1y in canon 3300 t\u1ea1i AT Vi\u1ec7t Nam b\u1ea1n ho\u00e0n to\u00e0n y\u00ean t\u00e2m v\u1ec1 ch\u1ea5t l\u01b0\u1ee3ng b\u1ea3n in \u0111\u1ea1t ch\u1ea5t l\u01b0\u1ee3ng ti\u00eau chu\u1ea9n , m\u1ef1c in si\u00eau m\u1ecbn cho ra \u0111\u1eddi nh\u1eefng b\u1ea3n in s\u1eafc n\u00e9t, \u0111\u1eb9p \u0111\u1ebfn t\u1eebng minimet, c\u00e1c linh ki\u1ec7n thay th\u1ebf l\u00e0 nh\u1eefng linh ki\u1ec7n t\u1ed1t nh\u1ea5t.<\/p>\n<p><strong>C\u00e1c b\u01b0\u1edbc thay h\u1ed9p<\/strong><strong> m\u1ef1c m\u00e1y in canon 3300<\/strong><\/p>\n<ol>\n<li>T\u1eaft m\u00e1y in v\u00e0 m\u1edf n\u1eafp m\u00e1u in canon 3300<\/li>\n<li>L\u1ea5y h\u1ed9p m\u1ef1c c\u1ee7 ra kh\u1ecfi m\u00e1y in<\/li>\n<li>L\u1ea5y h\u1ed9p m\u1ef1c m\u1edbi ra t\u1eeb t\u00fai \u0111\u1ee5ng b\u1eb1ng nilon<\/li>\n<li>\u0110\u1eb7t h\u1ed9p m\u1ef1c m\u00e1y in canon 3300 xu\u1ed1ng k\u1ec7\/ b\u00e0n<\/li>\n<li>Th\u00e1o b\u1ecf d\u00e2y b\u1ea3o v\u1ec7 h\u1ed9p m\u1ef1c, d\u00e2y n\u00e0y th\u01b0\u1eddng l\u00e0 m\u00e0u h\u1ed3ng \u0111\u1eadm b\u1eb1ng nh\u1ef1a d\u1ebdo<\/li>\n<li>L\u1eafp h\u1ed9p m\u1ef1c in canon 3300 v\u00e0o m\u00e1y in<\/li>\n<li>\u0110\u00f3ng n\u1eafp m\u00e1y in l\u1ea1i v\u00e0 b\u1eadt ngu\u1ed3n \u0111i\u1ec7n, ch\u1edd \u0111\u1ee3i trong gi\u00e2y l\u00e1t v\u00e0 qu\u00e1 tr\u00ednh thay h\u1ed9p m\u1ef1c k\u1ebft th\u00fac.<\/li>\n<\/ol>\n<p><strong>L\u01b0u \u200e y<\/strong><\/p>\n<p>Khi m\u00e1y in c\u1ee7a b\u1ea1n h\u1ebft m\u1ef1c, c\u00f3 hai l\u1ef1a ch\u1ecdn cho b\u1ea1n<\/p>\n<p>-Thay<span style=\"text-decoration: underline;color: #0000ff\"> <a style=\"color: #0000ff\" href=\"http:\/\/sieuthimucin.net\/muc-in-canon-sp8\" target=\"_blank\" rel=\"nofollow\"><strong>m\u1ef1c m\u00e1y in<\/strong><\/a><\/span>: ti\u1ebft ki\u1ec7m chi ph\u00ed v\u00ec b\u1ea1n kh\u00f4ng ph\u1ea3i thay c\u1ea3 b\u00ecnh m\u00e0 ch\u1ec9 c\u1ea7n n\u1ea1p m\u1ef1c v\u00e0o b\u00ecnh c\u0169, gi\u00e1 kh\u00e1 r\u1ebb<\/p>\n<p>-Thay h\u1ed9p m\u1ef1c in m\u1edbi : tuy ph\u00ed \u0111\u1eaft h\u01a1n nh\u01b0ng l\u1ea1i ch\u1ea5t l\u01b0\u1ee3ng h\u01a1n r\u1ea5t nhi\u1ec1u<\/p>\n<p><strong>III.<\/strong><strong>Ngo\u00e0i<\/strong><strong> m\u1ef1c m\u00e1y in canon 3300, ch\u00fang t\u00f4i c\u00f2n cung c\u1ea5p r\u1ea5t nhi\u1ec1u lo\u1ea1i m\u1ef1c kh\u00e1c:<\/strong><\/p>\n<p>-M\u1ef1c in phun m\u00e0u canon<\/p>\n<p>-M\u1ef1c in laser m\u00e0u canon<\/p>\n<p>&#8211;<span style=\"color: #0000ff\"><a style=\"color: #0000ff\" href=\"http:\/\/sieuthimucin.net\/muc-in-phun-mau-epson-sp61\" target=\"_blank\" rel=\"nofollow\"><strong>M\u1ef1c in Phun M\u00e0u EPSON<\/strong><\/a><\/span><\/p>\n<p>-M\u1ef1c m\u00e1y photo xerox<\/p>\n<p>-M\u1ef1c photo canon<\/p>\n<p>-M\u1ef1c photo panasonic<\/p>\n<p>-M\u1ef1c photo ricoh<\/p>\n<p>-M\u1ef1c photo sharp<\/p>\n<p>-M\u1ef1c photo Toshiba<\/p>\n<p><strong>IV.<\/strong><strong>Li\u00ean h\u1ec7 v\u1edbi ch\u00fang t\u00f4i.<\/strong><\/p>\n<p>C\u00f4ng Ty CP Thi\u1ebft B\u1ecb V\u0103n Ph\u00f2ng AT Vi\u1ec7t Nam<\/p>\n<p>Mobile: 0936 421 376 \/ 01693 727 238<\/p>\n<p>Phone: 043 9970 079<\/p>\n<p>Website: sieuthimucin.net<\/p>\n<p>&nbsp;<\/p>\n<p>&nbsp;<\/p>\n<p>&nbsp;<\/p>\n","protected":false},"excerpt":{"rendered":"<p>I.Gi\u1edbi thi\u1ec7u m\u1ef1c m\u00e1y in canon 3300 M\u00e1y in canon 3300 l\u00e0 d\u00f2ng m\u00e1y in laser ph\u1ed5 th\u00f4ng \u0111\u01b0\u1ee3c s\u1eed d\u1ee5ng ph\u1ed5 bi\u1ebfn trong c\u00e1c v\u0103n ph\u00f2ng v\u00e0 gia \u0111\u00ecnh v\u00ec th\u1ebf m\u1ef1c in canon 3300 \u0111\u01b0\u1ee3c nhi\u1ec1u quy\u00a0 kh\u00e1ch &hellip; <a href=\"https:\/\/www.w3.org\/community\/socbizcg\/muc-may-in-canon-3300\/\">Continue reading <span class=\"meta-nav\">&rarr;<\/span><\/a><\/p>\n","protected":false},"author":9192,"featured_media":0,"parent":0,"menu_order":0,"comment_status":"open","ping_status":"open","template":"","meta":{"_s2mail":"","footnotes":""},"class_list":["post-454","page","type-page","status-publish","hentry"],"_links":{"self":[{"href":"https:\/\/www.w3.org\/community\/socbizcg\/wp-json\/wp\/v2\/pages\/454","targetHints":{"allow":["GET"]}}],"collection":[{"href":"https:\/\/www.w3.org\/community\/socbizcg\/wp-json\/wp\/v2\/pages"}],"about":[{"href":"https:\/\/www.w3.org\/community\/socbizcg\/wp-json\/wp\/v2\/types\/page"}],"author":[{"embeddable":true,"href":"https:\/\/www.w3.org\/community\/socbizcg\/wp-json\/wp\/v2\/users\/9192"}],"replies":[{"embeddable":true,"href":"https:\/\/www.w3.org\/community\/socbizcg\/wp-json\/wp\/v2\/comments?post=454"}],"version-history":[{"count":1,"href":"https:\/\/www.w3.org\/community\/socbizcg\/wp-json\/wp\/v2\/pages\/454\/revisions"}],"predecessor-version":[{"id":458,"href":"https:\/\/www.w3.org\/community\/socbizcg\/wp-json\/wp\/v2\/pages\/454\/revisions\/458"}],"wp:attachment":[{"href":"https:\/\/www.w3.org\/community\/socbizcg\/wp-json\/wp\/v2\/media?parent=454"}],"curies":[{"name":"wp","href":"https:\/\/api.w.org\/{rel}","templated":true}]}}