{"id":405,"date":"2016-07-01T10:07:15","date_gmt":"2016-07-01T10:07:15","guid":{"rendered":"https:\/\/www.w3.org\/community\/owled\/?page_id=405"},"modified":"2016-08-31T07:48:48","modified_gmt":"2016-08-31T07:48:48","slug":"owled-ore-2016-organization","status":"publish","type":"page","link":"https:\/\/www.w3.org\/community\/owled\/workshop-2016\/owled-ore-2016-organization\/","title":{"rendered":"OWLED &#8211; ORE 2016: Organization"},"content":{"rendered":"<h3><a href=\"https:\/\/www.w3.org\/community\/owled\/workshop-2016\/\"><strong>Home<\/strong><\/a> | <a href=\"https:\/\/www.w3.org\/community\/owled\/owled-ore-2016-workshop\/owled-ore-2016-attending\/\">Attending<\/a> | <a href=\"https:\/\/www.w3.org\/community\/owled\/owled-ore-2016-workshop\/owled-ore-2016-programme\/\">Programme<\/a> | <a href=\"https:\/\/www.w3.org\/community\/owled\/owled-ore-2016-workshop\/owled-ore-2016-call-for-papers\/\">Call for Papers<\/a> | <a href=\"https:\/\/www.w3.org\/community\/owled\/owled-ore-2016-workshop\/owled-ore-2016-submissions\/\">Submissions<\/a> | Organization<\/h3>\n<hr \/>\n<p><strong>General Chair<\/strong><\/p>\n<p><a href=\"mailto:dragoni@fbk.eu?subject=OWLED%202015%20Query\" target=\"_blank\" rel=\"nofollow\">Mauro Dragoni<\/a>, Fondazione Bruno Kessler, IT<\/p>\n<h4><strong>Co- Chairs<\/strong><\/h4>\n<p><a href=\"http:\/\/www.cs.ox.ac.uk\/people\/ernesto.jimenez-ruiz\/\" target=\"_blank\" rel=\"nofollow\">Ernestro Jim\u00e9nez Ruiz<\/a>, University of Oxford, UK<\/p>\n<p><a href=\"http:\/\/www.oeg-upm.net\/index.php\/en\/phd\/14-mpoveda\" target=\"_blank\" rel=\"nofollow\">Mar\u00eda Poveda-Villal\u00f3n,<\/a> Ontology Engineering Group, UPM, ES<\/p>\n<h4><strong>OWLED Steering Committee<\/strong><\/h4>\n<p>Melanie Courtot, BCCRC, CA<br \/>\nMatthew Horridge, Stanford University, US<br \/>\nPavel Klinov, University of Ulm, DE<br \/>\nSimon Jupp, EBI, UK<br \/>\nMariano Rodriguez-Muro, IBM, US<br \/>\nBijan Parsia, University of Manchester, UK<br \/>\nValentina Tamma, University of Liverpool, UK<\/p>\n<h4><strong>Programme Committee<\/strong><\/h4>\n<p>Andrew Bate<br \/>\nLoris Bozzato<br \/>\nFrancesco Corcoglioniti<br \/>\nClaudia D&#8217;Amato<br \/>\nMar\u00eda del Mar Rold\u00e1n Garc\u00eda<br \/>\nMauro Dragoni<br \/>\nMichel Dumontier<br \/>\nDaniel Garijo<br \/>\nRafael Goncalves<br \/>\nRinke Hoekstra<br \/>\nAgnieszka Lawrynowicz<br \/>\nKrzysztof Janowicz<br \/>\nErnesto Jimenez-Ruiz<br \/>\nYevgeny Kazakov<br \/>\nIlianna Kollia<br \/>\nMarkus Kr\u00f6tzsch<br \/>\nDespoina Magka<br \/>\nFrancisco Martin-Recuerda<br \/>\nChristian Meilicke<br \/>\nJulian Mendez<br \/>\nNicolas Matentzoglu<br \/>\nSilvio Peroni<br \/>\nCatia Pesquita<br \/>\nMar\u00eda Poveda-Villal\u00f3n<br \/>\nMarco Rospocher<br \/>\nFloriano Scioscia<br \/>\nMonika Solanki<br \/>\nLarisa Soldatova<br \/>\nAndreas Steigmiller<br \/>\nMari Carmen Su\u00e1rez-Figueroa<br \/>\nValentina Tamma<br \/>\nDmitry Tsarkov<br \/>\nZhe Wang<br \/>\nDmitriy Zheleznyakov<br \/>\nYujiao Zhou<\/p>\n<p>(To be updated)<\/p>\n<p>&nbsp;<\/p>\n","protected":false},"excerpt":{"rendered":"<p>Home | Attending | Programme | Call for Papers | Submissions | Organization General Chair Mauro Dragoni, Fondazione Bruno Kessler, IT Co- Chairs Ernestro Jim\u00e9nez Ruiz, University of Oxford, UK Mar\u00eda Poveda-Villal\u00f3n, Ontology Engineering Group, UPM, ES OWLED Steering Committee &hellip; <a href=\"https:\/\/www.w3.org\/community\/owled\/workshop-2016\/owled-ore-2016-organization\/\">Continue reading <span class=\"meta-nav\">&rarr;<\/span><\/a><\/p>\n","protected":false},"author":7431,"featured_media":0,"parent":385,"menu_order":0,"comment_status":"closed","ping_status":"closed","template":"","meta":{"_s2mail":"","footnotes":""},"class_list":["post-405","page","type-page","status-publish","hentry"],"_links":{"self":[{"href":"https:\/\/www.w3.org\/community\/owled\/wp-json\/wp\/v2\/pages\/405","targetHints":{"allow":["GET"]}}],"collection":[{"href":"https:\/\/www.w3.org\/community\/owled\/wp-json\/wp\/v2\/pages"}],"about":[{"href":"https:\/\/www.w3.org\/community\/owled\/wp-json\/wp\/v2\/types\/page"}],"author":[{"embeddable":true,"href":"https:\/\/www.w3.org\/community\/owled\/wp-json\/wp\/v2\/users\/7431"}],"replies":[{"embeddable":true,"href":"https:\/\/www.w3.org\/community\/owled\/wp-json\/wp\/v2\/comments?post=405"}],"version-history":[{"count":6,"href":"https:\/\/www.w3.org\/community\/owled\/wp-json\/wp\/v2\/pages\/405\/revisions"}],"predecessor-version":[{"id":434,"href":"https:\/\/www.w3.org\/community\/owled\/wp-json\/wp\/v2\/pages\/405\/revisions\/434"}],"up":[{"embeddable":true,"href":"https:\/\/www.w3.org\/community\/owled\/wp-json\/wp\/v2\/pages\/385"}],"wp:attachment":[{"href":"https:\/\/www.w3.org\/community\/owled\/wp-json\/wp\/v2\/media?parent=405"}],"curies":[{"name":"wp","href":"https:\/\/api.w.org\/{rel}","templated":true}]}}