{"id":401,"date":"2016-07-01T10:00:00","date_gmt":"2016-07-01T10:00:00","guid":{"rendered":"https:\/\/www.w3.org\/community\/owled\/?page_id=401"},"modified":"2017-03-01T12:56:18","modified_gmt":"2017-03-01T12:56:18","slug":"owled-ore-2016-programme","status":"publish","type":"page","link":"https:\/\/www.w3.org\/community\/owled\/workshop-2016\/owled-ore-2016-programme\/","title":{"rendered":"OWLED &#8211; ORE 2016: Programme"},"content":{"rendered":"<h3><a href=\"https:\/\/www.w3.org\/community\/owled\/workshop-2016\/\"><strong>Home<\/strong><\/a> | <a href=\"https:\/\/www.w3.org\/community\/owled\/owled-ore-2016-workshop\/owled-ore-2016-attending\/\">Attending<\/a> | Programme | <a href=\"https:\/\/www.w3.org\/community\/owled\/owled-ore-2016-workshop\/owled-ore-2016-call-for-papers\/\">Call for Papers<\/a> | <a href=\"https:\/\/www.w3.org\/community\/owled\/owled-ore-2016-workshop\/owled-ore-2016-submissions\/\">Submissions<\/a> | <a href=\"https:\/\/www.w3.org\/community\/owled\/owled-ore-2016-workshop\/owled-ore-2016-organization\/\">Organization<\/a><\/h3>\n<hr \/>\n<p><strong><a href=\"http:\/\/link.springer.com\/book\/10.1007%2F978-3-319-54627-8\" target=\"_blank\" rel=\"nofollow\">Published Springer proceedings with the reviewed version of the papers.<\/a><\/strong><\/p>\n<p>09:00-09:20\u00a0\u00a0\u00a0\u00a0 Welcome and Opening (Mauro Dragoni)<\/p>\n<p style=\"text-align: center\"><strong>Session I: Ontology Modeling<br \/>\n<\/strong><\/p>\n<p style=\"text-align: left\">09:20-09:40\u00a0\u00a0\u00a0\u00a0 David Geleta, Terry Payne and Valentina Tamma. <a href=\"https:\/\/www.w3.org\/community\/owled\/files\/2016\/11\/OWLED-ORE-2016_paper_11.pdf\"><em>Minimal Coverage for Ontology Signatures<\/em><\/a><\/p>\n<p style=\"text-align: left\">09:40-10:00\u00a0\u00a0\u00a0\u00a0 Silvio Peroni. <a href=\"https:\/\/www.w3.org\/community\/owled\/files\/2016\/11\/OWLED-ORE-2016_paper_6.pdf\"><em>A Simplified Agile Methodology for Ontology Development<\/em><\/a><\/p>\n<p style=\"text-align: left\">10:00-10:20\u00a0\u00a0\u00a0\u00a0 Lida Ghahremanlou, Liam Magee and James Thom. <a href=\"https:\/\/www.w3.org\/community\/owled\/files\/2016\/11\/OWLED-ORE-2016_paper_7.pdf\"><em>Representing Sustainability Indicator Sets Practising Ontology Design Patterns<\/em><\/a><\/p>\n<p>10:20-10:40\u00a0\u00a0\u00a0\u00a0 Nandana Mihindukulasooriya, Mar\u00eda Poveda-Villal\u00f3n, Ra\u00fal Garc\u00eda-Castro and Asunci\u00f3n G\u00f3mez-P\u00e9rez. <a href=\"https:\/\/www.w3.org\/community\/owled\/files\/2016\/11\/OWLED-ORE-2016_paper_9.pdf\"><em>Collaborative Ontology Evolution and Data Quality &#8211; An Empirical Analysis<\/em><\/a><\/p>\n<p style=\"text-align: left\"><em>10:40-11:10\u00a0\u00a0\u00a0\u00a0 Coffee break<\/em><\/p>\n<p style=\"text-align: center\"><strong>Session II: Controversial Papers<\/strong><\/p>\n<p style=\"text-align: left\">11:10-11:35\u00a0\u00a0\u00a0\u00a0 Michele Ruta, Floriano Scioscia, Eugenio Di Sciascio and Ivano Bilenchi. <a href=\"https:\/\/www.w3.org\/community\/owled\/files\/2016\/11\/OWLED-ORE-2016_paper_13.pdf\"><em>OWL API for iOS: early implementation and results<\/em><\/a><\/p>\n<p style=\"text-align: left\">11:35-12:00\u00a0\u00a0\u00a0\u00a0 Sohaila Baset and Kilian Stoffel. <a href=\"https:\/\/www.w3.org\/community\/owled\/files\/2016\/11\/OWLED-ORE-2016_paper_2.pdf\"><em>OntoJIT: Parsing Native OWL DL into Executable Ontologies in an Object Oriented Paradigm<\/em><\/a><\/p>\n<p style=\"text-align: left\">12:00-12:25\u00a0\u00a0\u00a0\u00a0 Riccardo Tommasini, Pieter Bonte, Emanuele Della Valle, Erik Mannens, Filip De Turck and Femke Ongenae. <a href=\"https:\/\/www.w3.org\/community\/owled\/files\/2016\/11\/OWLED-ORE-2016_paper_10.pdf\"><em>Towards Ontology Based Event Processing<\/em><\/a><\/p>\n<p style=\"text-align: left\"><em>12:25-14:00\u00a0\u00a0\u00a0\u00a0 Lunch<\/em><\/p>\n<p style=\"text-align: center\"><strong>Session III: Applications<br \/>\n<\/strong><\/p>\n<p style=\"text-align: left\">14:00-14:20\u00a0\u00a0\u00a0\u00a0 <em>Ghader Kurdi, Bijan Parsia and Uli Sattler. <a href=\"https:\/\/www.w3.org\/community\/owled\/files\/2016\/11\/OWLED-ORE-2016_paper_4.pdf\">An Experimental Evaluation of Automatically Generated Multiple Choice Questions from Ontologies<\/a><\/em><\/p>\n<p style=\"text-align: left\">\u00a014:20-14:40\u00a0\u00a0\u00a0\u00a0 <em>Tania Bailoni, Mauro Dragoni, Claudio Eccher, Marco Guerini and Rosa Maimone. <a href=\"https:\/\/www.w3.org\/community\/owled\/files\/2016\/11\/OWLED-ORE-2016_paper_3.pdf\">Healthy Lifestyle Support: The PerKApp Ontology<\/a><\/em><\/p>\n<p style=\"text-align: left\">14:40-15:00\u00a0\u00a0\u00a0\u00a0 Markus D. Steinberg, Sirko Schindler and Jan Martin Keil. <a href=\"https:\/\/www.w3.org\/community\/owled\/files\/2016\/11\/OWLED-ORE-2016_paper_5.pdf\"><em>Use Cases and Suitability Metrics for Unit Ontologies<\/em><\/a><\/p>\n<p>15:00-15:20\u00a0\u00a0\u00a0\u00a0 Vladimir Tarasov, He Tan, Muhammad Ismail, Anders Adlemo and Mats Johansson. <a href=\"https:\/\/www.w3.org\/community\/owled\/files\/2016\/11\/OWLED-ORE-2016_paper_8.pdf\"><em>Application of Inference Rules to a Software Requirements Ontology to Generate Software Test Cases<\/em><\/a><\/p>\n<p>&nbsp;<\/p>\n<p style=\"text-align: left\"><em>15:20-16:00\u00a0\u00a0\u00a0\u00a0 Coffee break<\/em><\/p>\n<p style=\"text-align: center\"><strong>Session IV: Keynote and Closing<\/strong><\/p>\n<p style=\"text-align: left\">16:00-16:50\u00a0\u00a0\u00a0\u00a0 Keynote: \u201c<strong>Test-driven Development of Ontologies<\/strong>\u201d (Maria Keet)<\/p>\n<p style=\"text-align: left\">16:50-17:10\u00a0\u00a0\u00a0\u00a0 What\u2019s next? What do you want for OWLED 2017?<\/p>\n<p style=\"text-align: left\">17:10\u00a0\u00a0\u00a0\u00a0\u00a0\u00a0\u00a0\u00a0\u00a0\u00a0\u00a0\u00a0\u00a0\u00a0\u00a0\u00a0 Wrap-up and Closing<\/p>\n","protected":false},"excerpt":{"rendered":"<p>Home | Attending | Programme | Call for Papers | Submissions | Organization Published Springer proceedings with the reviewed version of the papers. 09:00-09:20\u00a0\u00a0\u00a0\u00a0 Welcome and Opening (Mauro Dragoni) Session I: Ontology Modeling 09:20-09:40\u00a0\u00a0\u00a0\u00a0 David Geleta, Terry Payne and Valentina &hellip; <a href=\"https:\/\/www.w3.org\/community\/owled\/workshop-2016\/owled-ore-2016-programme\/\">Continue reading <span class=\"meta-nav\">&rarr;<\/span><\/a><\/p>\n","protected":false},"author":7431,"featured_media":0,"parent":385,"menu_order":0,"comment_status":"closed","ping_status":"closed","template":"","meta":{"_s2mail":"","footnotes":""},"class_list":["post-401","page","type-page","status-publish","hentry"],"_links":{"self":[{"href":"https:\/\/www.w3.org\/community\/owled\/wp-json\/wp\/v2\/pages\/401","targetHints":{"allow":["GET"]}}],"collection":[{"href":"https:\/\/www.w3.org\/community\/owled\/wp-json\/wp\/v2\/pages"}],"about":[{"href":"https:\/\/www.w3.org\/community\/owled\/wp-json\/wp\/v2\/types\/page"}],"author":[{"embeddable":true,"href":"https:\/\/www.w3.org\/community\/owled\/wp-json\/wp\/v2\/users\/7431"}],"replies":[{"embeddable":true,"href":"https:\/\/www.w3.org\/community\/owled\/wp-json\/wp\/v2\/comments?post=401"}],"version-history":[{"count":17,"href":"https:\/\/www.w3.org\/community\/owled\/wp-json\/wp\/v2\/pages\/401\/revisions"}],"predecessor-version":[{"id":479,"href":"https:\/\/www.w3.org\/community\/owled\/wp-json\/wp\/v2\/pages\/401\/revisions\/479"}],"up":[{"embeddable":true,"href":"https:\/\/www.w3.org\/community\/owled\/wp-json\/wp\/v2\/pages\/385"}],"wp:attachment":[{"href":"https:\/\/www.w3.org\/community\/owled\/wp-json\/wp\/v2\/media?parent=401"}],"curies":[{"name":"wp","href":"https:\/\/api.w.org\/{rel}","templated":true}]}}