{"id":6,"date":"2013-01-16T12:16:50","date_gmt":"2013-01-16T12:16:50","guid":{"rendered":"http:\/\/www.w3.org\/community\/opendataspain\/?page_id=6"},"modified":"2013-01-17T09:33:17","modified_gmt":"2013-01-17T09:33:17","slug":"about","status":"publish","type":"page","link":"https:\/\/www.w3.org\/community\/opendataspain\/about\/","title":{"rendered":"About"},"content":{"rendered":"<div lang=\"es\" style=\"text-align:center\"><span style=\"background-color:#EEF1F9\">Saltar a <a href=\"#es\" title=\"Versi\u00f3n en castellano\">versi\u00f3n en espa\u00f1ol<\/a><\/span><\/div>\n<h3>About this Community Group<\/h3>\n<p>The Open Data Spain <abbr title=\"Community Group\">CG<\/abbr> was launched in January 2013 as proposed during a meeting of the &#8220;<a title=\"Lanzamiento de la Comunidad Open Data\" href=\"http:\/\/red.gnoss.com\/comunidad\/OpenData\/recurso\/Lanzamiento-de-la-Comunidad-Open-Data\/74c7a9f9-5a32-473d-a610-54ea7c1eea3e\" target=\"_blank\" rel=\"nofollow\">Grupo Zaragoza<\/a>&#8220;, a non-profit community, composed of all-governmental-level administrations and key players in <abbr title=\"Public Sector Information\">PSI<\/abbr> reuse, which has boosted the Open Data in Spain.\u00a0 This forum \u2014now open to the public in general\u2014 enables discussions about Open Data and PSI reuse, driving synergies among stakeholders. Future and ongoing Open Data initiatives may reuse this group&#8217;s work in terms of technology, formats, ontologies, tools, guidelines, etc.<\/p>\n<p>The main language for this group&#8217;s work is Spanish, but it will publish posts and reports in English regularly.<\/p>\n<h4>Mailing Lists<\/h4>\n<p>This group has two mailing lists, one public and other non-public. Be careful, Community Groups must use the public list for communications except for administrative matters such as exchanging personal information. Participants are automatically subscribed to these lists when they join the group, and unsubscribed if they leave the group. <\/p>\n<p>The lists are intended to be used as follows:<\/p>\n<dl>\n<dt>public-opendataspain@w3.org (see <a href=\"http:\/\/lists.w3.org\/Archives\/Public\/public-opendataspain\/\" title=\"public-opendataspain@w3.org archive\" target=\"_blank\" rel=\"nofollow\">Archive<\/a>)<\/dt>\n<dd><em>(Readable and writable by anyone)<\/em>. For group communications with the general public or other groups. Anyone may subscribe to this list, even without joining the group. Those who join the group are subscribed automatically.<\/dd>\n<dt>public-opendataspain-contrib@w3.org (see <a href=\"http:\/\/lists.w3.org\/Archives\/Public\/public-opendataspain-contrib\/\" title=\"public-opendataspain-contrib@w3.org archive\" target=\"_blank\" rel=\"nofollow\">Archive<\/a>)<\/dt>\n<dd><em>(Readable by anyone)<\/em>. This list is intended to help the group record contributions intended for its Reports.<\/p>\n<\/dl>\n<hr \/>\n<div lang=\"es\" style=\"background-color:#EEF1F9\">\n<h3 id=\"es\">Sobre este Grupo de Comunidad<\/h3>\n<p>El Open Data Spain <abbr title=\"Community Group\">CG<\/abbr> fue lanzado en enero de 2013, como resultado de una propuesta del conocido como &#8220;<a title=\"Lanzamiento de la Comunidad Open Data\" href=\"http:\/\/red.gnoss.com\/comunidad\/OpenData\/recurso\/Lanzamiento-de-la-Comunidad-Open-Data\/74c7a9f9-5a32-473d-a610-54ea7c1eea3e\" target=\"_blank\" rel=\"nofollow\">Grupo Zaragoza<\/a>&#8220;, una comunidad sin \u00e1nimo de lucro, compuesta por administraciones (locales, regionales y nacional) y participantes clave en <abbr title=\"Reutilizaci\u00f3n de Informaci\u00f3n del Sector P\u00fablico\">RISP<\/abbr>, que ha impulsado el Open Data en Espa\u00f1a. Este foro \u2014ahora abierto a todo el p\u00fablico en general\u2014 permite establecer di\u00e1logos y aprovechar las sinergias entre todas las partes interesadas en Open Data y Reutilizaci\u00f3n de Informaci\u00f3n del Sector P\u00fablico. Las iniciativas Open Data que est\u00e9n en marcha y aquellas que se desarrollen en el futuro podr\u00e1n hacer uso del trabajo de este grupo en cuestiones tecnol\u00f3gicas, formatos, ontolog\u00edas, herramientas, pautas u otras.<\/p>\n<p>El idioma principal para el trabajo de este grupo es el espa\u00f1ol, aunque tambi\u00e9n se publicar\u00e1n noticias e informes en ingl\u00e9s de forma peri\u00f3dica.<\/p>\n<h4>Listas de correo<\/h4>\n<p>Este grupo cuenta con dos listas de correo, una p\u00fablica y otra privada. S\u00e9 cuidadoso con la informaci\u00f3n que se env\u00eda a las listas, utilizando \u00fanicamente las listas p\u00fablicas para informaci\u00f3n que no contiene datos confidenciales ni datos de car\u00e1cter personal. Cualquier participante del grupo es autom\u00e1ticamente suscrito a estas listas en el momento que se une. Se cancela la suscripci\u00f3n en el momento que se deja el grupo.<\/p>\n<p>Las listas tienen la siguiente finalidad:<\/p>\n<dl>\n<dt>public-opendataspain@w3.org (<a href=\"http:\/\/lists.w3.org\/Archives\/Public\/public-opendataspain\/\" title=\"Archivo de public-opendataspain@w3.org\" target=\"_blank\" rel=\"nofollow\">Archivo<\/a>)<\/dt>\n<dd><em>(Cualquiera puede leer y enviar)<\/em>. Para la comunicaci\u00f3n del grupo con el p\u00fablico en general u otros grupos. Cualquiera se puede suscribir, incluso sin formar parte del grupo. Los miembros del grupo son suscritos autom\u00e1ticamente.<\/dd>\n<dt>public-opendataspain-contrib@w3.org (<a href=\"http:\/\/lists.w3.org\/Archives\/Public\/public-opendataspain-contrib\/\" title=\"Archivo de public-opendataspain-contrib@w3.org\" target=\"_blank\" rel=\"nofollow\">Archivo<\/a>)<\/dt>\n<dd><em>(Cualquiera puede leer)<\/em>. Esta lista se usa para registrar las contribuciones del grupo para los informes que se hagan.<\/p>\n<\/dl>\n<\/div>\n","protected":false},"excerpt":{"rendered":"<p>Saltar a versi\u00f3n en espa\u00f1ol About this Community Group The Open Data Spain CG was launched in January 2013 as proposed during a meeting of the &#8220;Grupo Zaragoza&#8220;, a non-profit community, composed of all-governmental-level administrations and key players in PSI &hellip; <a href=\"https:\/\/www.w3.org\/community\/opendataspain\/about\/\">Continue reading <span class=\"meta-nav\">&rarr;<\/span><\/a><\/p>\n","protected":false},"author":2658,"featured_media":0,"parent":0,"menu_order":0,"comment_status":"open","ping_status":"open","template":"threecolumn-page.php","meta":{"_s2mail":"yes","footnotes":""},"class_list":["post-6","page","type-page","status-publish","hentry"],"_links":{"self":[{"href":"https:\/\/www.w3.org\/community\/opendataspain\/wp-json\/wp\/v2\/pages\/6","targetHints":{"allow":["GET"]}}],"collection":[{"href":"https:\/\/www.w3.org\/community\/opendataspain\/wp-json\/wp\/v2\/pages"}],"about":[{"href":"https:\/\/www.w3.org\/community\/opendataspain\/wp-json\/wp\/v2\/types\/page"}],"author":[{"embeddable":true,"href":"https:\/\/www.w3.org\/community\/opendataspain\/wp-json\/wp\/v2\/users\/2658"}],"replies":[{"embeddable":true,"href":"https:\/\/www.w3.org\/community\/opendataspain\/wp-json\/wp\/v2\/comments?post=6"}],"version-history":[{"count":39,"href":"https:\/\/www.w3.org\/community\/opendataspain\/wp-json\/wp\/v2\/pages\/6\/revisions"}],"predecessor-version":[{"id":57,"href":"https:\/\/www.w3.org\/community\/opendataspain\/wp-json\/wp\/v2\/pages\/6\/revisions\/57"}],"wp:attachment":[{"href":"https:\/\/www.w3.org\/community\/opendataspain\/wp-json\/wp\/v2\/media?parent=6"}],"curies":[{"name":"wp","href":"https:\/\/api.w.org\/{rel}","templated":true}]}}